{"id":2,"date":"2020-11-19T15:19:31","date_gmt":"2020-11-19T14:19:31","guid":{"rendered":"https:\/\/diseno.udd.cl\/doit\/?page_id=2"},"modified":"2022-03-07T12:46:33","modified_gmt":"2022-03-07T15:46:33","slug":"pagina-ejemplo","status":"publish","type":"page","link":"https:\/\/diseno.udd.cl\/doit\/","title":{"rendered":"DOiT"},"content":{"rendered":"\n<p><strong>DOiT<\/strong> es una plataforma online con recursos y herramientas para la sistematizaci\u00f3n de actividades de recolecci\u00f3n \/ producci\u00f3n de datos en terreno y de an\u00e1lisis y s\u00edntesis.&nbsp;<\/p>\n\n\n\n<p class=\"has-text-align-left\">A trav\u00e9s de DOiT los estudiantes podr\u00e1n: conocer diversas herramientas y t\u00e9cnicas para el trabajo de campo provenientes de diferentes fuentes; aprender a discriminar entre ellas seg\u00fan los requerimientos de cada proyecto y sus etapas; y sistematizar la producci\u00f3n de datos y an\u00e1lisis a trav\u00e9s del uso de gu\u00edas y plantillas de trabajo elaboradas por el equipo de DOiT y\/o disponibles en plataformas de libre acceso.<\/p>\n\n\n\n<h6 class=\"has-text-color wp-block-heading\" style=\"color:#3328c0\">______________________________________________________________________________________________________________<\/h6>\n\n\n\n<p style=\"color:#3328c0;font-size:24px\" class=\"has-text-color\"><strong>Con el foco en comprender contextos espec\u00edficos, reconocer y empatizar con usuarios y detectar oportunidades y desaf\u00edos de dise\u00f1o, DOiT organiza el trabajo de campo en tres etapas: <\/strong><\/p>\n\n\n\n<figure class=\"wp-block-image size-large is-resized\"><img decoding=\"async\" src=\"https:\/\/diseno.udd.cl\/doit\/files\/2022\/03\/conocedoit-copia.jpg\" alt=\"\" class=\"wp-image-425\" width=\"900\" srcset=\"https:\/\/diseno.udd.cl\/doit\/files\/2022\/03\/conocedoit-copia.jpg 674w, https:\/\/diseno.udd.cl\/doit\/files\/2022\/03\/conocedoit-copia-300x91.jpg 300w\" sizes=\"(max-width: 674px) 100vw, 674px\" \/><\/figure>\n\n\n\n<p style=\"background-color:#bcd9fe;color:#3328c0\" class=\"has-text-color has-background has-normal-font-size\">    &gt;&gt; <strong><a href=\"https:\/\/diseno.udd.cl\/doit\/pagina-ejemplo\/guias-de-trabajo\/\">Conoce aqu\u00ed nuestras gu\u00edas de Trabajo<\/a><\/strong><\/p>\n","protected":false},"excerpt":{"rendered":"<p>DOiT es una plataforma online con recursos y herramientas para la sistematizaci\u00f3n de actividades de recolecci\u00f3n \/ producci\u00f3n de datos en terreno y de an\u00e1lisis y s\u00edntesis.&nbsp; A trav\u00e9s de DOiT los estudiantes podr\u00e1n: conocer diversas herramientas y t\u00e9cnicas para el trabajo de campo provenientes de diferentes fuentes; aprender a discriminar entre ellas seg\u00fan los [&hellip;]<\/p>\n","protected":false},"author":9192223,"featured_media":24,"parent":0,"menu_order":0,"comment_status":"closed","ping_status":"open","template":"","meta":{"footnotes":""},"class_list":["post-2","page","type-page","status-publish","has-post-thumbnail","hentry"],"yoast_head":"<!-- This site is optimized with the Yoast SEO plugin v26.9 - https:\/\/yoast.com\/product\/yoast-seo-wordpress\/ -->\n<title>DOiT - DOiT<\/title>\n<meta name=\"robots\" content=\"index, follow, max-snippet:-1, max-image-preview:large, max-video-preview:-1\" \/>\n<link rel=\"canonical\" href=\"https:\/\/diseno.udd.cl\/doit\/\" \/>\n<meta property=\"og:locale\" content=\"es_ES\" \/>\n<meta property=\"og:type\" content=\"article\" \/>\n<meta property=\"og:title\" content=\"DOiT - DOiT\" \/>\n<meta property=\"og:description\" content=\"DOiT es una plataforma online con recursos y herramientas para la sistematizaci\u00f3n de actividades de recolecci\u00f3n \/ producci\u00f3n de datos en terreno y de an\u00e1lisis y s\u00edntesis.&nbsp; A trav\u00e9s de DOiT los estudiantes podr\u00e1n: conocer diversas herramientas y t\u00e9cnicas para el trabajo de campo provenientes de diferentes fuentes; aprender a discriminar entre ellas seg\u00fan los [&hellip;]\" \/>\n<meta property=\"og:url\" content=\"https:\/\/diseno.udd.cl\/doit\/\" \/>\n<meta property=\"og:site_name\" content=\"DOiT\" \/>\n<meta property=\"article:modified_time\" content=\"2022-03-07T15:46:33+00:00\" \/>\n<meta property=\"og:image\" content=\"https:\/\/diseno.udd.cl\/doit\/files\/2021\/03\/you-x-ventures-bzqU01v-G54-unsplash-scaled.jpg\" \/>\n\t<meta property=\"og:image:width\" content=\"2560\" \/>\n\t<meta property=\"og:image:height\" content=\"1707\" \/>\n\t<meta property=\"og:image:type\" content=\"image\/jpeg\" \/>\n<meta name=\"twitter:card\" content=\"summary_large_image\" \/>\n<meta name=\"twitter:label1\" content=\"Tiempo de lectura\" \/>\n\t<meta name=\"twitter:data1\" content=\"1 minuto\" \/>\n<script type=\"application\/ld+json\" class=\"yoast-schema-graph\">{\"@context\":\"https:\/\/schema.org\",\"@graph\":[{\"@type\":\"WebPage\",\"@id\":\"https:\/\/diseno.udd.cl\/doit\/\",\"url\":\"https:\/\/diseno.udd.cl\/doit\/\",\"name\":\"DOiT - DOiT\",\"isPartOf\":{\"@id\":\"https:\/\/diseno.udd.cl\/doit\/#website\"},\"primaryImageOfPage\":{\"@id\":\"https:\/\/diseno.udd.cl\/doit\/#primaryimage\"},\"image\":{\"@id\":\"https:\/\/diseno.udd.cl\/doit\/#primaryimage\"},\"thumbnailUrl\":\"https:\/\/diseno.udd.cl\/doit\/files\/2021\/03\/you-x-ventures-bzqU01v-G54-unsplash-scaled.jpg\",\"datePublished\":\"2020-11-19T14:19:31+00:00\",\"dateModified\":\"2022-03-07T15:46:33+00:00\",\"breadcrumb\":{\"@id\":\"https:\/\/diseno.udd.cl\/doit\/#breadcrumb\"},\"inLanguage\":\"es\",\"potentialAction\":[{\"@type\":\"ReadAction\",\"target\":[\"https:\/\/diseno.udd.cl\/doit\/\"]}]},{\"@type\":\"ImageObject\",\"inLanguage\":\"es\",\"@id\":\"https:\/\/diseno.udd.cl\/doit\/#primaryimage\",\"url\":\"https:\/\/diseno.udd.cl\/doit\/files\/2021\/03\/you-x-ventures-bzqU01v-G54-unsplash-scaled.jpg\",\"contentUrl\":\"https:\/\/diseno.udd.cl\/doit\/files\/2021\/03\/you-x-ventures-bzqU01v-G54-unsplash-scaled.jpg\",\"width\":2560,\"height\":1707},{\"@type\":\"BreadcrumbList\",\"@id\":\"https:\/\/diseno.udd.cl\/doit\/#breadcrumb\",\"itemListElement\":[{\"@type\":\"ListItem\",\"position\":1,\"name\":\"Portada\",\"item\":\"https:\/\/diseno.udd.cl\/doit\/\"},{\"@type\":\"ListItem\",\"position\":2,\"name\":\"DOiT\"}]},{\"@type\":\"WebSite\",\"@id\":\"https:\/\/diseno.udd.cl\/doit\/#website\",\"url\":\"https:\/\/diseno.udd.cl\/doit\/\",\"name\":\"DOiT\",\"description\":\"Dise\u00f1a.Obseva.Investiga en Terreno\",\"inLanguage\":\"es\"}]}<\/script>\n<!-- \/ Yoast SEO plugin. -->","yoast_head_json":{"title":"DOiT - DOiT","robots":{"index":"index","follow":"follow","max-snippet":"max-snippet:-1","max-image-preview":"max-image-preview:large","max-video-preview":"max-video-preview:-1"},"canonical":"https:\/\/diseno.udd.cl\/doit\/","og_locale":"es_ES","og_type":"article","og_title":"DOiT - DOiT","og_description":"DOiT es una plataforma online con recursos y herramientas para la sistematizaci\u00f3n de actividades de recolecci\u00f3n \/ producci\u00f3n de datos en terreno y de an\u00e1lisis y s\u00edntesis.&nbsp; A trav\u00e9s de DOiT los estudiantes podr\u00e1n: conocer diversas herramientas y t\u00e9cnicas para el trabajo de campo provenientes de diferentes fuentes; aprender a discriminar entre ellas seg\u00fan los [&hellip;]","og_url":"https:\/\/diseno.udd.cl\/doit\/","og_site_name":"DOiT","article_modified_time":"2022-03-07T15:46:33+00:00","og_image":[{"width":2560,"height":1707,"url":"https:\/\/diseno.udd.cl\/doit\/files\/2021\/03\/you-x-ventures-bzqU01v-G54-unsplash-scaled.jpg","type":"image\/jpeg"}],"twitter_card":"summary_large_image","twitter_misc":{"Tiempo de lectura":"1 minuto"},"schema":{"@context":"https:\/\/schema.org","@graph":[{"@type":"WebPage","@id":"https:\/\/diseno.udd.cl\/doit\/","url":"https:\/\/diseno.udd.cl\/doit\/","name":"DOiT - DOiT","isPartOf":{"@id":"https:\/\/diseno.udd.cl\/doit\/#website"},"primaryImageOfPage":{"@id":"https:\/\/diseno.udd.cl\/doit\/#primaryimage"},"image":{"@id":"https:\/\/diseno.udd.cl\/doit\/#primaryimage"},"thumbnailUrl":"https:\/\/diseno.udd.cl\/doit\/files\/2021\/03\/you-x-ventures-bzqU01v-G54-unsplash-scaled.jpg","datePublished":"2020-11-19T14:19:31+00:00","dateModified":"2022-03-07T15:46:33+00:00","breadcrumb":{"@id":"https:\/\/diseno.udd.cl\/doit\/#breadcrumb"},"inLanguage":"es","potentialAction":[{"@type":"ReadAction","target":["https:\/\/diseno.udd.cl\/doit\/"]}]},{"@type":"ImageObject","inLanguage":"es","@id":"https:\/\/diseno.udd.cl\/doit\/#primaryimage","url":"https:\/\/diseno.udd.cl\/doit\/files\/2021\/03\/you-x-ventures-bzqU01v-G54-unsplash-scaled.jpg","contentUrl":"https:\/\/diseno.udd.cl\/doit\/files\/2021\/03\/you-x-ventures-bzqU01v-G54-unsplash-scaled.jpg","width":2560,"height":1707},{"@type":"BreadcrumbList","@id":"https:\/\/diseno.udd.cl\/doit\/#breadcrumb","itemListElement":[{"@type":"ListItem","position":1,"name":"Portada","item":"https:\/\/diseno.udd.cl\/doit\/"},{"@type":"ListItem","position":2,"name":"DOiT"}]},{"@type":"WebSite","@id":"https:\/\/diseno.udd.cl\/doit\/#website","url":"https:\/\/diseno.udd.cl\/doit\/","name":"DOiT","description":"Dise\u00f1a.Obseva.Investiga en Terreno","inLanguage":"es"}]}},"_links":{"self":[{"href":"https:\/\/diseno.udd.cl\/doit\/wp-json\/wp\/v2\/pages\/2","targetHints":{"allow":["GET"]}}],"collection":[{"href":"https:\/\/diseno.udd.cl\/doit\/wp-json\/wp\/v2\/pages"}],"about":[{"href":"https:\/\/diseno.udd.cl\/doit\/wp-json\/wp\/v2\/types\/page"}],"author":[{"embeddable":true,"href":"https:\/\/diseno.udd.cl\/doit\/wp-json\/wp\/v2\/users\/9192223"}],"replies":[{"embeddable":true,"href":"https:\/\/diseno.udd.cl\/doit\/wp-json\/wp\/v2\/comments?post=2"}],"version-history":[{"count":50,"href":"https:\/\/diseno.udd.cl\/doit\/wp-json\/wp\/v2\/pages\/2\/revisions"}],"predecessor-version":[{"id":494,"href":"https:\/\/diseno.udd.cl\/doit\/wp-json\/wp\/v2\/pages\/2\/revisions\/494"}],"wp:featuredmedia":[{"embeddable":true,"href":"https:\/\/diseno.udd.cl\/doit\/wp-json\/wp\/v2\/media\/24"}],"wp:attachment":[{"href":"https:\/\/diseno.udd.cl\/doit\/wp-json\/wp\/v2\/media?parent=2"}],"curies":[{"name":"wp","href":"https:\/\/api.w.org\/{rel}","templated":true}]}}