{"id":242,"date":"2021-11-06T09:46:30","date_gmt":"2021-11-06T12:46:30","guid":{"rendered":"https:\/\/diseno.udd.cl\/doit\/?page_id=242"},"modified":"2022-08-30T08:13:43","modified_gmt":"2022-08-30T12:13:43","slug":"guias-de-trabajo","status":"publish","type":"page","link":"https:\/\/diseno.udd.cl\/doit\/pagina-ejemplo\/guias-de-trabajo\/","title":{"rendered":"Gu\u00edas de Trabajo"},"content":{"rendered":"\n<p><strong>DOiT<\/strong> organiza el trabajo de campo en tres etapas con el foco en comprender contextos espec\u00edficos, reconocer y empatizar con usuarios y detectar oportunidades y desaf\u00edos de dise\u00f1o. En cada una de estas etapas podr\u00e1s encontrar gu\u00edas de contenido y herramientas de trabajo que te ayudar\u00e1n a llevar a cabo tu investigaci\u00f3n en terreno.<\/p>\n\n\n\n<p style=\"color:#3328c0\" class=\"has-text-color\">________________________________________________________________________________________________________<\/p>\n\n\n\n<p style=\"color:#3328c0;font-size:24px\" class=\"has-text-color has-text-align-left\"><strong>Te invitamos a que navegues por la plataforma, a que conozcas cada una de las gu\u00edas y herramientas que hemos desarrollado; y por sobretodo que las uses e incorpores a tus proyectos. Cada una de ellas tiene un explicaci\u00f3n detallada, consejos y material adicional para que las pongas en pr\u00e1ctica.<\/strong><\/p>\n\n\n<!-- WP Block: UDD - Cards Alternate -->\n<section class=\"wp-block-udd-access-cards\">\n\t<div class=\"container\">\n\t\t\t\t<div class=\"block__content\">\n\t\t\t<div class=\"access-cards js-show-in-modal\">\n\t\t\t\t\t\t\t<div class=\"access-card-wrapper\">\n\t\t\t\t\t<img loading=\"lazy\" decoding=\"async\" width=\"680\" height=\"382\" src=\"https:\/\/diseno.udd.cl\/doit\/files\/2021\/11\/DoiT_5-07-680x382.jpg\" class=\"access-card__image lazyload\" alt=\"\" data-src=\"https:\/\/diseno.udd.cl\/doit\/files\/2021\/11\/DoiT_5-07-680x382.jpg\" \/>\t\t\t\t\t<div class=\"access-card\">\n\t\t\t\t\t\t<h3 class=\"access-card__title\">Prop\u00f3sito &amp; preparar:<\/h3>\n\t\t\t\t\t\t<p class=\"access-card__description\">\n\t\t\t\t\t\t\tAntes de empezar es fundamental tener claridad acerca del prop\u00f3sito y foco de la investigaci\u00f3n de campo. La primera etapa contiene herramientas para preparar y planificar las actividades de campo y de esta forma optimizar el tiempo y los recursos. \t\t\t\t\t\t<\/p>\n\t\t\t\t\t\t\t\t\t\t\t<ul class=\"access-card__nav\">\n\t\t\t\t\t\t\t\t\t\t\t\t\t<li class=\"access-card__nav-item\">\n\t\t\t\t\t\t\t\t\t\t\t\t\t\t\t<a href=\"https:\/\/diseno.udd.cl\/doit\/files\/2022\/03\/DOiT_Antes-de-empezar.pdf\" class=\"filelink\" data-url=\"https:\/\/diseno.udd.cl\/doit\/files\/2022\/03\/DOiT_Antes-de-empezar.pdf\">DESCARGAR GU\u00cdA: \nAntes de Empezar <span class=\"filelink__data\"><span class=\"filelink__data__type\">pdf<\/span>, <span class=\"filelink__data__size\">420 KB<\/span><\/span><svg class=\"svg-download-dims\"><use xlink:href='https:\/\/diseno.udd.cl\/doit\/wp-content\/themes\/facultades-2018\/assets\/img\/svg\/dist\/main.svg?version=1695853099#download'><\/use><\/svg><\/a>\t\t\t\t\t\t\t\t\t\t\t\t\t\t\t\t\t\t\t<\/ul>\n\t\t\t\t\t\t\t\t\t\t\t\t\t\t\t\t<\/div>\n\t\t\t\t<\/div>\n\t\t\t\t\t\t\t<div class=\"access-card-wrapper\">\n\t\t\t\t\t<img loading=\"lazy\" decoding=\"async\" width=\"680\" height=\"382\" src=\"https:\/\/diseno.udd.cl\/doit\/files\/2021\/11\/DoiT_5-08-680x382.jpg\" class=\"access-card__image lazyload\" alt=\"\" data-src=\"https:\/\/diseno.udd.cl\/doit\/files\/2021\/11\/DoiT_5-08-680x382.jpg\" \/>\t\t\t\t\t<div class=\"access-card\">\n\t\t\t\t\t\t<h3 class=\"access-card__title\">Recoger &amp; producir:<\/h3>\n\t\t\t\t\t\t<p class=\"access-card__description\">\n\t\t\t\t\t\t\tLa segunda etapa se centra en el levantamiento y producci\u00f3n de datos. Se divide en dos t\u00e9cnicas fundamentales para la investigaci\u00f3n en dise\u00f1o: entrevistas y observaci\u00f3n. Se presentan diversos tipos de entrevistas y de observaci\u00f3n y una serie de herramientas que pueden utilizarse para sistematizar la ejecuci\u00f3n y registro de observaciones y entrevistas dependiendo del foco del proyecto que se realiza. \t\t\t\t\t\t<\/p>\n\t\t\t\t\t\t\t\t\t\t\t<ul class=\"access-card__nav\">\n\t\t\t\t\t\t\t\t\t\t\t\t\t<li class=\"access-card__nav-item\">\n\t\t\t\t\t\t\t\t\t\t\t\t\t\t\t<a href=\"https:\/\/diseno.udd.cl\/doit\/files\/2022\/03\/DOiT_Ficha-Entrevista.pdf\" class=\"filelink\" data-url=\"https:\/\/diseno.udd.cl\/doit\/files\/2022\/03\/DOiT_Ficha-Entrevista.pdf\">DESCARGAR GU\u00cdA: \nEntrevistas <span class=\"filelink__data\"><span class=\"filelink__data__type\">pdf<\/span>, <span class=\"filelink__data__size\">382 KB<\/span><\/span><svg class=\"svg-download-dims\"><use xlink:href='https:\/\/diseno.udd.cl\/doit\/wp-content\/themes\/facultades-2018\/assets\/img\/svg\/dist\/main.svg?version=1695853099#download'><\/use><\/svg><\/a>\t\t\t\t\t\t\t\t\t\t\t\t\t\t\t\t\t\t\t\t<li class=\"access-card__nav-item\">\n\t\t\t\t\t\t\t\t\t\t\t\t\t\t\t<a href=\"https:\/\/diseno.udd.cl\/doit\/files\/2022\/03\/DOiT_Ficha-Observacion.pdf\" class=\"filelink\" data-url=\"https:\/\/diseno.udd.cl\/doit\/files\/2022\/03\/DOiT_Ficha-Observacion.pdf\">DESCARGAR GU\u00cdA: \nObservaci\u00f3n <span class=\"filelink__data\"><span class=\"filelink__data__type\">pdf<\/span>, <span class=\"filelink__data__size\">360 KB<\/span><\/span><svg class=\"svg-download-dims\"><use xlink:href='https:\/\/diseno.udd.cl\/doit\/wp-content\/themes\/facultades-2018\/assets\/img\/svg\/dist\/main.svg?version=1695853099#download'><\/use><\/svg><\/a>\t\t\t\t\t\t\t\t\t\t\t\t\t\t\t\t\t\t\t<\/ul>\n\t\t\t\t\t\t\t\t\t\t\t\t\t\t\t\t<\/div>\n\t\t\t\t<\/div>\n\t\t\t\t\t\t\t<div class=\"access-card-wrapper\">\n\t\t\t\t\t<img loading=\"lazy\" decoding=\"async\" width=\"680\" height=\"382\" src=\"https:\/\/diseno.udd.cl\/doit\/files\/2021\/11\/DoiT_5-09-680x382.jpg\" class=\"access-card__image lazyload\" alt=\"\" data-src=\"https:\/\/diseno.udd.cl\/doit\/files\/2021\/11\/DoiT_5-09-680x382.jpg\" \/>\t\t\t\t\t<div class=\"access-card\">\n\t\t\t\t\t\t<h3 class=\"access-card__title\">Analizar &amp; concluir:<\/h3>\n\t\t\t\t\t\t<p class=\"access-card__description\">\n\t\t\t\t\t\t\tLa tercera etapa aborda t\u00e9cnicas y herramientas para la<strong> <\/strong>s\u00edntesis de datos,\u00a0 constataci\u00f3n de hallazgos, insights y resultados de la investigaci\u00f3n de campo. Esta etapa puede conducir a definir los usuarios espec\u00edficos y\u00a0 requerimientos de dise\u00f1o en el caso de un proyecto aplicado y\/o a analizar y concluir en el caso de un proyecto de investigaci\u00f3n te\u00f3rico .\t\t\t\t\t\t<\/p>\n\t\t\t\t\t\t\t\t\t\t\t<ul class=\"access-card__nav\">\n\t\t\t\t\t\t\t\t\t\t\t\t\t<li class=\"access-card__nav-item\">\n\t\t\t\t\t\t\t\t\t\t\t\t\t\t\t<a href=\"https:\/\/diseno.udd.cl\/doit\/files\/2022\/03\/DOiT_Ficha-Analisis.pdf\" class=\"filelink\" data-url=\"https:\/\/diseno.udd.cl\/doit\/files\/2022\/03\/DOiT_Ficha-Analisis.pdf\">DESCARGAR GU\u00cdA: \nAn\u00e1lisis &amp; Insights <span class=\"filelink__data\"><span class=\"filelink__data__type\">pdf<\/span>, <span class=\"filelink__data__size\">420 KB<\/span><\/span><svg class=\"svg-download-dims\"><use xlink:href='https:\/\/diseno.udd.cl\/doit\/wp-content\/themes\/facultades-2018\/assets\/img\/svg\/dist\/main.svg?version=1695853099#download'><\/use><\/svg><\/a>\t\t\t\t\t\t\t\t\t\t\t\t\t\t\t\t\t\t\t<\/ul>\n\t\t\t\t\t\t\t\t\t\t\t\t\t\t\t\t<\/div>\n\t\t\t\t<\/div>\n\t\t\t\t\t\t<\/div>\n\t\t<\/div>\n\t<\/div>\n<\/section>\n\n\n\n<p><\/p>\n","protected":false},"excerpt":{"rendered":"<p>DOiT organiza el trabajo de campo en tres etapas con el foco en comprender contextos espec\u00edficos, reconocer y empatizar con usuarios y detectar oportunidades y desaf\u00edos de dise\u00f1o. En cada una de estas etapas podr\u00e1s encontrar gu\u00edas de contenido y herramientas de trabajo que te ayudar\u00e1n a llevar a cabo tu investigaci\u00f3n en terreno. ________________________________________________________________________________________________________ [&hellip;]<\/p>\n","protected":false},"author":9192226,"featured_media":162,"parent":2,"menu_order":0,"comment_status":"closed","ping_status":"closed","template":"","meta":{"footnotes":""},"class_list":["post-242","page","type-page","status-publish","has-post-thumbnail","hentry"],"yoast_head":"<!-- This site is optimized with the Yoast SEO plugin v26.9 - https:\/\/yoast.com\/product\/yoast-seo-wordpress\/ -->\n<title>Gu\u00edas de Trabajo - DOiT<\/title>\n<meta name=\"robots\" content=\"index, follow, max-snippet:-1, max-image-preview:large, max-video-preview:-1\" \/>\n<link rel=\"canonical\" href=\"https:\/\/diseno.udd.cl\/doit\/pagina-ejemplo\/guias-de-trabajo\/\" \/>\n<meta property=\"og:locale\" content=\"es_ES\" \/>\n<meta property=\"og:type\" content=\"article\" \/>\n<meta property=\"og:title\" content=\"Gu\u00edas de Trabajo - DOiT\" \/>\n<meta property=\"og:description\" content=\"DOiT organiza el trabajo de campo en tres etapas con el foco en comprender contextos espec\u00edficos, reconocer y empatizar con usuarios y detectar oportunidades y desaf\u00edos de dise\u00f1o. En cada una de estas etapas podr\u00e1s encontrar gu\u00edas de contenido y herramientas de trabajo que te ayudar\u00e1n a llevar a cabo tu investigaci\u00f3n en terreno. ________________________________________________________________________________________________________ [&hellip;]\" \/>\n<meta property=\"og:url\" content=\"https:\/\/diseno.udd.cl\/doit\/pagina-ejemplo\/guias-de-trabajo\/\" \/>\n<meta property=\"og:site_name\" content=\"DOiT\" \/>\n<meta property=\"article:modified_time\" content=\"2022-08-30T12:13:43+00:00\" \/>\n<meta property=\"og:image\" content=\"https:\/\/diseno.udd.cl\/doit\/files\/2021\/04\/libros-varios-scaled.jpg\" \/>\n\t<meta property=\"og:image:width\" content=\"1912\" \/>\n\t<meta property=\"og:image:height\" content=\"2560\" \/>\n\t<meta property=\"og:image:type\" content=\"image\/jpeg\" \/>\n<meta name=\"twitter:card\" content=\"summary_large_image\" \/>\n<meta name=\"twitter:label1\" content=\"Tiempo de lectura\" \/>\n\t<meta name=\"twitter:data1\" content=\"1 minuto\" \/>\n<script type=\"application\/ld+json\" class=\"yoast-schema-graph\">{\"@context\":\"https:\/\/schema.org\",\"@graph\":[{\"@type\":\"WebPage\",\"@id\":\"https:\/\/diseno.udd.cl\/doit\/pagina-ejemplo\/guias-de-trabajo\/\",\"url\":\"https:\/\/diseno.udd.cl\/doit\/pagina-ejemplo\/guias-de-trabajo\/\",\"name\":\"Gu\u00edas de Trabajo - DOiT\",\"isPartOf\":{\"@id\":\"https:\/\/diseno.udd.cl\/doit\/#website\"},\"primaryImageOfPage\":{\"@id\":\"https:\/\/diseno.udd.cl\/doit\/pagina-ejemplo\/guias-de-trabajo\/#primaryimage\"},\"image\":{\"@id\":\"https:\/\/diseno.udd.cl\/doit\/pagina-ejemplo\/guias-de-trabajo\/#primaryimage\"},\"thumbnailUrl\":\"https:\/\/diseno.udd.cl\/doit\/files\/2021\/04\/libros-varios-scaled.jpg\",\"datePublished\":\"2021-11-06T12:46:30+00:00\",\"dateModified\":\"2022-08-30T12:13:43+00:00\",\"breadcrumb\":{\"@id\":\"https:\/\/diseno.udd.cl\/doit\/pagina-ejemplo\/guias-de-trabajo\/#breadcrumb\"},\"inLanguage\":\"es\",\"potentialAction\":[{\"@type\":\"ReadAction\",\"target\":[\"https:\/\/diseno.udd.cl\/doit\/pagina-ejemplo\/guias-de-trabajo\/\"]}]},{\"@type\":\"ImageObject\",\"inLanguage\":\"es\",\"@id\":\"https:\/\/diseno.udd.cl\/doit\/pagina-ejemplo\/guias-de-trabajo\/#primaryimage\",\"url\":\"https:\/\/diseno.udd.cl\/doit\/files\/2021\/04\/libros-varios-scaled.jpg\",\"contentUrl\":\"https:\/\/diseno.udd.cl\/doit\/files\/2021\/04\/libros-varios-scaled.jpg\",\"width\":1912,\"height\":2560},{\"@type\":\"BreadcrumbList\",\"@id\":\"https:\/\/diseno.udd.cl\/doit\/pagina-ejemplo\/guias-de-trabajo\/#breadcrumb\",\"itemListElement\":[{\"@type\":\"ListItem\",\"position\":1,\"name\":\"Portada\",\"item\":\"https:\/\/diseno.udd.cl\/doit\/\"},{\"@type\":\"ListItem\",\"position\":2,\"name\":\"DOiT\",\"item\":\"https:\/\/diseno.udd.cl\/doit\/\"},{\"@type\":\"ListItem\",\"position\":3,\"name\":\"Gu\u00edas de Trabajo\"}]},{\"@type\":\"WebSite\",\"@id\":\"https:\/\/diseno.udd.cl\/doit\/#website\",\"url\":\"https:\/\/diseno.udd.cl\/doit\/\",\"name\":\"DOiT\",\"description\":\"Dise\u00f1a.Obseva.Investiga en Terreno\",\"inLanguage\":\"es\"}]}<\/script>\n<!-- \/ Yoast SEO plugin. -->","yoast_head_json":{"title":"Gu\u00edas de Trabajo - DOiT","robots":{"index":"index","follow":"follow","max-snippet":"max-snippet:-1","max-image-preview":"max-image-preview:large","max-video-preview":"max-video-preview:-1"},"canonical":"https:\/\/diseno.udd.cl\/doit\/pagina-ejemplo\/guias-de-trabajo\/","og_locale":"es_ES","og_type":"article","og_title":"Gu\u00edas de Trabajo - DOiT","og_description":"DOiT organiza el trabajo de campo en tres etapas con el foco en comprender contextos espec\u00edficos, reconocer y empatizar con usuarios y detectar oportunidades y desaf\u00edos de dise\u00f1o. En cada una de estas etapas podr\u00e1s encontrar gu\u00edas de contenido y herramientas de trabajo que te ayudar\u00e1n a llevar a cabo tu investigaci\u00f3n en terreno. ________________________________________________________________________________________________________ [&hellip;]","og_url":"https:\/\/diseno.udd.cl\/doit\/pagina-ejemplo\/guias-de-trabajo\/","og_site_name":"DOiT","article_modified_time":"2022-08-30T12:13:43+00:00","og_image":[{"width":1912,"height":2560,"url":"https:\/\/diseno.udd.cl\/doit\/files\/2021\/04\/libros-varios-scaled.jpg","type":"image\/jpeg"}],"twitter_card":"summary_large_image","twitter_misc":{"Tiempo de lectura":"1 minuto"},"schema":{"@context":"https:\/\/schema.org","@graph":[{"@type":"WebPage","@id":"https:\/\/diseno.udd.cl\/doit\/pagina-ejemplo\/guias-de-trabajo\/","url":"https:\/\/diseno.udd.cl\/doit\/pagina-ejemplo\/guias-de-trabajo\/","name":"Gu\u00edas de Trabajo - DOiT","isPartOf":{"@id":"https:\/\/diseno.udd.cl\/doit\/#website"},"primaryImageOfPage":{"@id":"https:\/\/diseno.udd.cl\/doit\/pagina-ejemplo\/guias-de-trabajo\/#primaryimage"},"image":{"@id":"https:\/\/diseno.udd.cl\/doit\/pagina-ejemplo\/guias-de-trabajo\/#primaryimage"},"thumbnailUrl":"https:\/\/diseno.udd.cl\/doit\/files\/2021\/04\/libros-varios-scaled.jpg","datePublished":"2021-11-06T12:46:30+00:00","dateModified":"2022-08-30T12:13:43+00:00","breadcrumb":{"@id":"https:\/\/diseno.udd.cl\/doit\/pagina-ejemplo\/guias-de-trabajo\/#breadcrumb"},"inLanguage":"es","potentialAction":[{"@type":"ReadAction","target":["https:\/\/diseno.udd.cl\/doit\/pagina-ejemplo\/guias-de-trabajo\/"]}]},{"@type":"ImageObject","inLanguage":"es","@id":"https:\/\/diseno.udd.cl\/doit\/pagina-ejemplo\/guias-de-trabajo\/#primaryimage","url":"https:\/\/diseno.udd.cl\/doit\/files\/2021\/04\/libros-varios-scaled.jpg","contentUrl":"https:\/\/diseno.udd.cl\/doit\/files\/2021\/04\/libros-varios-scaled.jpg","width":1912,"height":2560},{"@type":"BreadcrumbList","@id":"https:\/\/diseno.udd.cl\/doit\/pagina-ejemplo\/guias-de-trabajo\/#breadcrumb","itemListElement":[{"@type":"ListItem","position":1,"name":"Portada","item":"https:\/\/diseno.udd.cl\/doit\/"},{"@type":"ListItem","position":2,"name":"DOiT","item":"https:\/\/diseno.udd.cl\/doit\/"},{"@type":"ListItem","position":3,"name":"Gu\u00edas de Trabajo"}]},{"@type":"WebSite","@id":"https:\/\/diseno.udd.cl\/doit\/#website","url":"https:\/\/diseno.udd.cl\/doit\/","name":"DOiT","description":"Dise\u00f1a.Obseva.Investiga en Terreno","inLanguage":"es"}]}},"_links":{"self":[{"href":"https:\/\/diseno.udd.cl\/doit\/wp-json\/wp\/v2\/pages\/242","targetHints":{"allow":["GET"]}}],"collection":[{"href":"https:\/\/diseno.udd.cl\/doit\/wp-json\/wp\/v2\/pages"}],"about":[{"href":"https:\/\/diseno.udd.cl\/doit\/wp-json\/wp\/v2\/types\/page"}],"author":[{"embeddable":true,"href":"https:\/\/diseno.udd.cl\/doit\/wp-json\/wp\/v2\/users\/9192226"}],"replies":[{"embeddable":true,"href":"https:\/\/diseno.udd.cl\/doit\/wp-json\/wp\/v2\/comments?post=242"}],"version-history":[{"count":39,"href":"https:\/\/diseno.udd.cl\/doit\/wp-json\/wp\/v2\/pages\/242\/revisions"}],"predecessor-version":[{"id":532,"href":"https:\/\/diseno.udd.cl\/doit\/wp-json\/wp\/v2\/pages\/242\/revisions\/532"}],"up":[{"embeddable":true,"href":"https:\/\/diseno.udd.cl\/doit\/wp-json\/wp\/v2\/pages\/2"}],"wp:featuredmedia":[{"embeddable":true,"href":"https:\/\/diseno.udd.cl\/doit\/wp-json\/wp\/v2\/media\/162"}],"wp:attachment":[{"href":"https:\/\/diseno.udd.cl\/doit\/wp-json\/wp\/v2\/media?parent=242"}],"curies":[{"name":"wp","href":"https:\/\/api.w.org\/{rel}","templated":true}]}}