{"id":82,"date":"2021-03-15T18:46:06","date_gmt":"2021-03-15T21:46:06","guid":{"rendered":"https:\/\/diseno.udd.cl\/doit\/?page_id=82"},"modified":"2022-03-08T15:38:39","modified_gmt":"2022-03-08T18:38:39","slug":"inspirate","status":"publish","type":"page","link":"https:\/\/diseno.udd.cl\/doit\/pagina-ejemplo\/inspirate\/","title":{"rendered":"Insp\u00edrate"},"content":{"rendered":"<section class=\"wp-block-udd-text-row block--bg-gray\">\n\t<div class=\"text-row\">\n\t\t<div class=\"text-row__content\">\n\t\t\t<div class=\"text-row__content-inner text\">\n\t\t\t\t\t\t\t\t\n<p>Ac\u00e1 podr\u00e1s encontrar una selecci\u00f3n de repositorios y plataformas online con gu\u00edas y herramientas para que puedas profundizar tu investigaci\u00f3n y aplicar a tu proceso de dise\u00f1o. Cada una de ellas incluye descripciones detalladas, recomendaciones de aplicaci\u00f3n y plantillas de trabajo.<\/p>\n\t\t\t<\/div>\n\t\t<\/div>\n\t\t<div class=\"text-row__media\">\n\t\t\t<img loading=\"lazy\" decoding=\"async\" width=\"952\" height=\"534\" src=\"https:\/\/diseno.udd.cl\/doit\/files\/2021\/04\/miscel\u00e1neas-680x382.jpg\" class=\"text-row__media-image lazyload\" alt=\"\" sizes=\"auto, (max-width: 952px) 100vw, 952px\" data-src=\"https:\/\/diseno.udd.cl\/doit\/files\/2021\/04\/miscel\u00e1neas-952x534.jpg\" data-srcset=\"https:\/\/diseno.udd.cl\/doit\/files\/2021\/04\/miscel\u00e1neas-952x534.jpg 952w, https:\/\/diseno.udd.cl\/doit\/files\/2021\/04\/miscel\u00e1neas-1366x768.jpg 1366w, https:\/\/diseno.udd.cl\/doit\/files\/2021\/04\/miscel\u00e1neas-680x382.jpg 680w\" \/>\t\t<\/div>\n\t<\/div>\n<\/section>\n\n\n<!-- WP Block: UDD - Access Cards -->\n<section\n\tid=\"udd-access-cards--1\"\n\tclass=\"wp-block-udd-access-cards\n\t\tjs-show-in-modal\"\n\t\tstyle=\"\n\t\t--udd-blocks-has-columns-number: 4\t\t\"\n\t>\n\t<div class=\"container\">\n\t\t\t\t<div class=\"block__content\">\n\t\t\t<div\n\t\t\t\tclass=\"udd-access-cards\"\n\t\t\t\t\t\t\t>\n\t\t\t<div\n\tdata-index=\"1\"\n\tclass=\"udd-access-card-wrapper udd-access-card-wrapper--has-description\"\n\t>\n\t<a href=\"http:\/\/design-toolkit.recursos.uoc.edu\/es\/conoce-el-toolkit\/\" class=\"access-card access-card--profile\" data-url=\"http:\/\/design-toolkit.recursos.uoc.edu\/es\/conoce-el-toolkit\/\">\n\t\t\t\t\t\t<h3\n\t\t\tdata-index=\"1\"\n\t\t\tclass=\"access-card__title\"\n\t\t>\n\t\t\tDesign Toolkit\t\t<\/h3>\n\t\t\t\t<p class=\"access-card__description\">\n\t\t\tUOC Universitat Oberta de Catalunya (UOC), \nEspa\u00f1a\t\t<\/p>\n\t\t\t\t<div class=\"access-card__link\">\n\t\t\t<span class=\"access-card__link-text\">Repositorio abierto de m\u00e9todos, t\u00e9cnicas y metodolog\u00edas de investigaci\u00f3n centrada en el usuario. Incluye gu\u00edas de trabajo descargables y fichas detalladas de informaci\u00f3n de cada una de las herramientas.<\/span>\n\t\t<\/div>\n\t<\/a>\n<\/div>\n<div\n\tdata-index=\"2\"\n\tclass=\"udd-access-card-wrapper udd-access-card-wrapper--has-description\"\n\t>\n\t<a href=\"https:\/\/servicedesigntools.org\/tools\" class=\"access-card access-card--profile\" data-url=\"https:\/\/servicedesigntools.org\/tools\">\n\t\t\t\t\t\t<h3\n\t\t\tdata-index=\"2\"\n\t\t\tclass=\"access-card__title\"\n\t\t>\n\t\t\tService Design Tools (en ingl\u00e9s)\t\t<\/h3>\n\t\t\t\t<p class=\"access-card__description\">\n\t\t\tPOLI.design + Oblo, \nItalia\t\t<\/p>\n\t\t\t\t<div class=\"access-card__link\">\n\t\t\t<span class=\"access-card__link-text\">Plataforma abierta, desarrollada por acad\u00e9micos y profesionales, que entrega herramientas y t\u00e9cnicas utilizadas para el dise\u00f1o de servicios.<\/span>\n\t\t<\/div>\n\t<\/a>\n<\/div>\n<div\n\tdata-index=\"3\"\n\tclass=\"udd-access-card-wrapper udd-access-card-wrapper--has-description\"\n\t>\n\t<a href=\"https:\/\/www.circulardesignguide.com\/\" class=\"access-card access-card--profile\" data-url=\"https:\/\/www.circulardesignguide.com\/\">\n\t\t\t\t\t\t<h3\n\t\t\tdata-index=\"3\"\n\t\t\tclass=\"access-card__title\"\n\t\t>\n\t\t\tCircular Design Guide (en ingl\u00e9s)\t\t<\/h3>\n\t\t\t\t<p class=\"access-card__description\">\n\t\t\tEllen McArthur Foundation e Ideo, \nEstados Unidos\t\t<\/p>\n\t\t\t\t<div class=\"access-card__link\">\n\t\t\t<span class=\"access-card__link-text\">Gu\u00eda de herramientas y m\u00e9todos para ayudar a los innovadores a crear soluciones m\u00e1s elegantes, eficaces y creativas para la econom\u00eda circular.<\/span>\n\t\t<\/div>\n\t<\/a>\n<\/div>\n<div\n\tdata-index=\"4\"\n\tclass=\"udd-access-card-wrapper udd-access-card-wrapper--has-description\"\n\t>\n\t<a href=\"https:\/\/www.userinterviews.com\/ux-research-field-guide\" class=\"access-card access-card--profile\" data-url=\"https:\/\/www.userinterviews.com\/ux-research-field-guide\">\n\t\t\t\t\t\t<h3\n\t\t\tdata-index=\"4\"\n\t\t\tclass=\"access-card__title\"\n\t\t>\n\t\t\tThe User Experience Research Field Guide (en ingl\u00e9s)\t\t<\/h3>\n\t\t\t\t<p class=\"access-card__description\">\n\t\t\tUser Interviews\nBoston, Estados Unidos\t\t<\/p>\n\t\t\t\t<div class=\"access-card__link\">\n\t\t\t<span class=\"access-card__link-text\">Gu\u00eda para investigadores y dise\u00f1adores de experiencia de usuario que incluye contenidos y m\u00e9todos desglosando el proceso de investigaci\u00f3n en pasos f\u00e1ciles de seguir.<\/span>\n\t\t<\/div>\n\t<\/a>\n<\/div>\n\t\t\t<\/div>\n\t\t<\/div>\n\t<\/div>\n<\/section>\n\n\n<!-- WP Block: UDD - Access Cards -->\n<section\n\tid=\"udd-access-cards--2\"\n\tclass=\"wp-block-udd-access-cards\n\t\t\"\n\t\tstyle=\"\n\t\t--udd-blocks-has-columns-number: 4\t\t\"\n\t>\n\t<div class=\"container\">\n\t\t\t\t<div class=\"block__content\">\n\t\t\t<div\n\t\t\t\tclass=\"udd-access-cards\"\n\t\t\t\t\t\t\t>\n\t\t\t<div\n\tdata-index=\"1\"\n\tclass=\"udd-access-card-wrapper udd-access-card-wrapper--has-description\"\n\t>\n\t<a href=\"http:\/\/guidetouxr.com\/\" class=\"access-card access-card--profile\" data-url=\"http:\/\/guidetouxr.com\/\">\n\t\t\t\t\t\t<h3\n\t\t\tdata-index=\"1\"\n\t\t\tclass=\"access-card__title\"\n\t\t>\n\t\t\tGuide to User Research (en ingl\u00e9s)\t\t<\/h3>\n\t\t\t\t<p class=\"access-card__description\">\n\t\t\tPaulina Barlik,  \nEstados Unidos\t\t<\/p>\n\t\t\t\t<div class=\"access-card__link\">\n\t\t\t<span class=\"access-card__link-text\">Selecci\u00f3n ordenada de m\u00e1s de 250 recursos para ayudar a dise\u00f1adores e investigadores de usuario.<\/span>\n\t\t<\/div>\n\t<\/a>\n<\/div>\n<div\n\tdata-index=\"2\"\n\tclass=\"udd-access-card-wrapper udd-access-card-wrapper--has-description\"\n\t>\n\t<a href=\"https:\/\/repositorio.udd.cl\/handle\/11447\/3274\" class=\"access-card access-card--profile\" data-url=\"https:\/\/repositorio.udd.cl\/handle\/11447\/3274\">\n\t\t\t\t\t\t<h3\n\t\t\tdata-index=\"2\"\n\t\t\tclass=\"access-card__title\"\n\t\t>\n\t\t\tToolkit para desarrollo de proyectos de innovaci\u00f3n publicitarios\t\t<\/h3>\n\t\t\t\t<p class=\"access-card__description\">\n\t\t\tProyecto de Innovaci\u00f3n y Fortalecimiento de la Docencia UDD 2018 \/ Escuela de Publicidad, Chile\t\t<\/p>\n\t\t\t\t<div class=\"access-card__link\">\n\t\t\t<span class=\"access-card__link-text\">Manual con informaci\u00f3n y herramientas enfocadas en la investigaci\u00f3n, organizaci\u00f3n de la informaci\u00f3n y creaci\u00f3n de nuevas ideas y conceptos para un proyecto de t\u00edtulo en publicida.<\/span>\n\t\t<\/div>\n\t<\/a>\n<\/div>\n<div\n\tdata-index=\"3\"\n\tclass=\"udd-access-card-wrapper udd-access-card-wrapper--has-description\"\n\t>\n\t<a href=\"https:\/\/repositorio.udd.cl\/handle\/11447\/3302\" class=\"access-card access-card--profile\" data-url=\"https:\/\/repositorio.udd.cl\/handle\/11447\/3302\">\n\t\t\t\t\t\t<h3\n\t\t\tdata-index=\"3\"\n\t\t\tclass=\"access-card__title\"\n\t\t>\n\t\t\tCocreaci\u00f3n para la generaci\u00f3n de ideas\t\t<\/h3>\n\t\t\t\t<p class=\"access-card__description\">\n\t\t\tProyecto de Innovaci\u00f3n y Fortalecimiento de la Docencia UDD 2019, \nChile\t\t<\/p>\n\t\t\t\t<div class=\"access-card__link\">\n\t\t\t<span class=\"access-card__link-text\">Recurso digital para facilitar la innovaci\u00f3n abierta y colaboraci\u00f3n intensiva, incorporando estrategias para la interdisciplina y el abordaje de problemas complejos en la transici\u00f3n hacia la sustentabilidad.<\/span>\n\t\t<\/div>\n\t<\/a>\n<\/div>\n<div\n\tdata-index=\"4\"\n\tclass=\"udd-access-card-wrapper udd-access-card-wrapper--has-description\"\n\t>\n\t<a href=\"https:\/\/repositorio.udd.cl\/handle\/11447\/1630\" class=\"access-card access-card--profile\" data-url=\"https:\/\/repositorio.udd.cl\/handle\/11447\/1630\">\n\t\t\t\t\t\t<h3\n\t\t\tdata-index=\"4\"\n\t\t\tclass=\"access-card__title\"\n\t\t>\n\t\t\tToolkit Responsabilidad P\u00fablica\t\t<\/h3>\n\t\t\t\t<p class=\"access-card__description\">\n\t\t\tProyecto de Innovaci\u00f3n y Fortalecimiento de la Docencia UDD 2017,\nChile\t\t<\/p>\n\t\t\t\t<div class=\"access-card__link\">\n\t\t\t<span class=\"access-card__link-text\">Modelo interdisciplinario para abordar la asignatura de Responsabilidad P\u00fablica, que se imparte a todas las carreras de la Universidad del Desarrollo. Este toolkit incluye definiciones acerca de lo que significa trabajar un proyecto en el \u00e1mbito p\u00fablico, estudios de caso y ejemplos, ejercicios pr\u00e1cticos y plantillas de trabajo.<\/span>\n\t\t<\/div>\n\t<\/a>\n<\/div>\n\t\t\t<\/div>\n\t\t<\/div>\n\t<\/div>\n<\/section>\n","protected":false},"excerpt":{"rendered":"","protected":false},"author":9192226,"featured_media":348,"parent":2,"menu_order":0,"comment_status":"closed","ping_status":"closed","template":"","meta":{"footnotes":""},"class_list":["post-82","page","type-page","status-publish","has-post-thumbnail","hentry"],"yoast_head":"<!-- This site is optimized with the Yoast SEO plugin v26.9 - https:\/\/yoast.com\/product\/yoast-seo-wordpress\/ -->\n<title>Insp\u00edrate - DOiT<\/title>\n<meta name=\"robots\" content=\"index, follow, max-snippet:-1, max-image-preview:large, max-video-preview:-1\" \/>\n<link rel=\"canonical\" href=\"https:\/\/diseno.udd.cl\/doit\/pagina-ejemplo\/inspirate\/\" \/>\n<meta property=\"og:locale\" content=\"es_ES\" \/>\n<meta property=\"og:type\" content=\"article\" \/>\n<meta property=\"og:title\" content=\"Insp\u00edrate - DOiT\" \/>\n<meta property=\"og:url\" content=\"https:\/\/diseno.udd.cl\/doit\/pagina-ejemplo\/inspirate\/\" \/>\n<meta property=\"og:site_name\" content=\"DOiT\" \/>\n<meta property=\"article:modified_time\" content=\"2022-03-08T18:38:39+00:00\" \/>\n<meta property=\"og:image\" content=\"https:\/\/diseno.udd.cl\/doit\/files\/2021\/11\/DoiT_5b-15.png\" \/>\n\t<meta property=\"og:image:width\" content=\"2580\" \/>\n\t<meta property=\"og:image:height\" content=\"728\" \/>\n\t<meta property=\"og:image:type\" content=\"image\/png\" \/>\n<meta name=\"twitter:card\" content=\"summary_large_image\" \/>\n<script type=\"application\/ld+json\" class=\"yoast-schema-graph\">{\"@context\":\"https:\/\/schema.org\",\"@graph\":[{\"@type\":\"WebPage\",\"@id\":\"https:\/\/diseno.udd.cl\/doit\/pagina-ejemplo\/inspirate\/\",\"url\":\"https:\/\/diseno.udd.cl\/doit\/pagina-ejemplo\/inspirate\/\",\"name\":\"Insp\u00edrate - DOiT\",\"isPartOf\":{\"@id\":\"https:\/\/diseno.udd.cl\/doit\/#website\"},\"primaryImageOfPage\":{\"@id\":\"https:\/\/diseno.udd.cl\/doit\/pagina-ejemplo\/inspirate\/#primaryimage\"},\"image\":{\"@id\":\"https:\/\/diseno.udd.cl\/doit\/pagina-ejemplo\/inspirate\/#primaryimage\"},\"thumbnailUrl\":\"https:\/\/diseno.udd.cl\/doit\/files\/2021\/11\/DoiT_5b-15.png\",\"datePublished\":\"2021-03-15T21:46:06+00:00\",\"dateModified\":\"2022-03-08T18:38:39+00:00\",\"breadcrumb\":{\"@id\":\"https:\/\/diseno.udd.cl\/doit\/pagina-ejemplo\/inspirate\/#breadcrumb\"},\"inLanguage\":\"es\",\"potentialAction\":[{\"@type\":\"ReadAction\",\"target\":[\"https:\/\/diseno.udd.cl\/doit\/pagina-ejemplo\/inspirate\/\"]}]},{\"@type\":\"ImageObject\",\"inLanguage\":\"es\",\"@id\":\"https:\/\/diseno.udd.cl\/doit\/pagina-ejemplo\/inspirate\/#primaryimage\",\"url\":\"https:\/\/diseno.udd.cl\/doit\/files\/2021\/11\/DoiT_5b-15.png\",\"contentUrl\":\"https:\/\/diseno.udd.cl\/doit\/files\/2021\/11\/DoiT_5b-15.png\",\"width\":2580,\"height\":728},{\"@type\":\"BreadcrumbList\",\"@id\":\"https:\/\/diseno.udd.cl\/doit\/pagina-ejemplo\/inspirate\/#breadcrumb\",\"itemListElement\":[{\"@type\":\"ListItem\",\"position\":1,\"name\":\"Portada\",\"item\":\"https:\/\/diseno.udd.cl\/doit\/\"},{\"@type\":\"ListItem\",\"position\":2,\"name\":\"DOiT\",\"item\":\"https:\/\/diseno.udd.cl\/doit\/\"},{\"@type\":\"ListItem\",\"position\":3,\"name\":\"Insp\u00edrate\"}]},{\"@type\":\"WebSite\",\"@id\":\"https:\/\/diseno.udd.cl\/doit\/#website\",\"url\":\"https:\/\/diseno.udd.cl\/doit\/\",\"name\":\"DOiT\",\"description\":\"Dise\u00f1a.Obseva.Investiga en Terreno\",\"inLanguage\":\"es\"}]}<\/script>\n<!-- \/ Yoast SEO plugin. -->","yoast_head_json":{"title":"Insp\u00edrate - DOiT","robots":{"index":"index","follow":"follow","max-snippet":"max-snippet:-1","max-image-preview":"max-image-preview:large","max-video-preview":"max-video-preview:-1"},"canonical":"https:\/\/diseno.udd.cl\/doit\/pagina-ejemplo\/inspirate\/","og_locale":"es_ES","og_type":"article","og_title":"Insp\u00edrate - DOiT","og_url":"https:\/\/diseno.udd.cl\/doit\/pagina-ejemplo\/inspirate\/","og_site_name":"DOiT","article_modified_time":"2022-03-08T18:38:39+00:00","og_image":[{"width":2580,"height":728,"url":"https:\/\/diseno.udd.cl\/doit\/files\/2021\/11\/DoiT_5b-15.png","type":"image\/png"}],"twitter_card":"summary_large_image","schema":{"@context":"https:\/\/schema.org","@graph":[{"@type":"WebPage","@id":"https:\/\/diseno.udd.cl\/doit\/pagina-ejemplo\/inspirate\/","url":"https:\/\/diseno.udd.cl\/doit\/pagina-ejemplo\/inspirate\/","name":"Insp\u00edrate - DOiT","isPartOf":{"@id":"https:\/\/diseno.udd.cl\/doit\/#website"},"primaryImageOfPage":{"@id":"https:\/\/diseno.udd.cl\/doit\/pagina-ejemplo\/inspirate\/#primaryimage"},"image":{"@id":"https:\/\/diseno.udd.cl\/doit\/pagina-ejemplo\/inspirate\/#primaryimage"},"thumbnailUrl":"https:\/\/diseno.udd.cl\/doit\/files\/2021\/11\/DoiT_5b-15.png","datePublished":"2021-03-15T21:46:06+00:00","dateModified":"2022-03-08T18:38:39+00:00","breadcrumb":{"@id":"https:\/\/diseno.udd.cl\/doit\/pagina-ejemplo\/inspirate\/#breadcrumb"},"inLanguage":"es","potentialAction":[{"@type":"ReadAction","target":["https:\/\/diseno.udd.cl\/doit\/pagina-ejemplo\/inspirate\/"]}]},{"@type":"ImageObject","inLanguage":"es","@id":"https:\/\/diseno.udd.cl\/doit\/pagina-ejemplo\/inspirate\/#primaryimage","url":"https:\/\/diseno.udd.cl\/doit\/files\/2021\/11\/DoiT_5b-15.png","contentUrl":"https:\/\/diseno.udd.cl\/doit\/files\/2021\/11\/DoiT_5b-15.png","width":2580,"height":728},{"@type":"BreadcrumbList","@id":"https:\/\/diseno.udd.cl\/doit\/pagina-ejemplo\/inspirate\/#breadcrumb","itemListElement":[{"@type":"ListItem","position":1,"name":"Portada","item":"https:\/\/diseno.udd.cl\/doit\/"},{"@type":"ListItem","position":2,"name":"DOiT","item":"https:\/\/diseno.udd.cl\/doit\/"},{"@type":"ListItem","position":3,"name":"Insp\u00edrate"}]},{"@type":"WebSite","@id":"https:\/\/diseno.udd.cl\/doit\/#website","url":"https:\/\/diseno.udd.cl\/doit\/","name":"DOiT","description":"Dise\u00f1a.Obseva.Investiga en Terreno","inLanguage":"es"}]}},"_links":{"self":[{"href":"https:\/\/diseno.udd.cl\/doit\/wp-json\/wp\/v2\/pages\/82","targetHints":{"allow":["GET"]}}],"collection":[{"href":"https:\/\/diseno.udd.cl\/doit\/wp-json\/wp\/v2\/pages"}],"about":[{"href":"https:\/\/diseno.udd.cl\/doit\/wp-json\/wp\/v2\/types\/page"}],"author":[{"embeddable":true,"href":"https:\/\/diseno.udd.cl\/doit\/wp-json\/wp\/v2\/users\/9192226"}],"replies":[{"embeddable":true,"href":"https:\/\/diseno.udd.cl\/doit\/wp-json\/wp\/v2\/comments?post=82"}],"version-history":[{"count":13,"href":"https:\/\/diseno.udd.cl\/doit\/wp-json\/wp\/v2\/pages\/82\/revisions"}],"predecessor-version":[{"id":317,"href":"https:\/\/diseno.udd.cl\/doit\/wp-json\/wp\/v2\/pages\/82\/revisions\/317"}],"up":[{"embeddable":true,"href":"https:\/\/diseno.udd.cl\/doit\/wp-json\/wp\/v2\/pages\/2"}],"wp:featuredmedia":[{"embeddable":true,"href":"https:\/\/diseno.udd.cl\/doit\/wp-json\/wp\/v2\/media\/348"}],"wp:attachment":[{"href":"https:\/\/diseno.udd.cl\/doit\/wp-json\/wp\/v2\/media?parent=82"}],"curies":[{"name":"wp","href":"https:\/\/api.w.org\/{rel}","templated":true}]}}